{"id":106,"date":"2021-12-20T16:00:15","date_gmt":"2021-12-20T19:00:15","guid":{"rendered":"https:\/\/agencia.unq.edu.ar\/?page_id=106"},"modified":"2025-12-15T16:22:36","modified_gmt":"2025-12-15T19:22:36","slug":"autoridades-unq","status":"publish","type":"page","link":"https:\/\/agencia.unq.edu.ar\/?page_id=106","title":{"rendered":"Autoridades UNQ"},"content":{"rendered":"\n<div style=\"height:25px\" aria-hidden=\"true\" class=\"wp-block-spacer\"><\/div>\n\n\n\n<h5 class=\"wp-block-heading\" id=\"rector\" style=\"font-size:18px\">Rectora: <\/h5>\n\n\n\n<p class=\"has-normal-font-size\">Alejandra Zinni<\/p>\n\n\n\n<div style=\"height:15px\" aria-hidden=\"true\" class=\"wp-block-spacer\"><\/div>\n\n\n\n<h5 class=\"wp-block-heading\"><\/h5>\n\n\n\n<h5 class=\"wp-block-heading\" id=\"vicerrectora\" style=\"font-size:18px\">Vicerrector: <\/h5>\n\n\n\n<p class=\"has-normal-font-size\">Daniel Fihman<\/p>\n\n\n\n<div style=\"height:15px\" aria-hidden=\"true\" class=\"wp-block-spacer\"><\/div>\n\n\n\n<p><\/p>\n\n\n\n<h5 class=\"wp-block-heading\" id=\"subsecretaria-de-comunicacion\" style=\"font-size:18px\">Secretario General:<\/h5>\n\n\n\n<p class=\"has-normal-font-size\">N\u00e9stor Daniel Gonz\u00e1lez<\/p>\n\n\n\n<div style=\"height:15px\" aria-hidden=\"true\" class=\"wp-block-spacer\"><\/div>\n\n\n\n<p><\/p>\n\n\n\n<h5 class=\"wp-block-heading\" id=\"subsecretaria-de-comunicacion\" style=\"font-size:18px\">Subsecretaria de Comunicaci\u00f3n: <\/h5>\n\n\n\n<p class=\"has-normal-font-size\"> Leticia Spinelli <\/p>\n\n\n\n<div style=\"height:15px\" aria-hidden=\"true\" class=\"wp-block-spacer\"><\/div>\n\n\n\n<h5 class=\"wp-block-heading\"><\/h5>\n\n\n\n<h5 class=\"wp-block-heading\" id=\"coordinador-del-programa-institucional-agencia-de-noticias-de-comunicacion-de-la-ciencia\" style=\"font-size:18px\">Coordinador del Programa Institucional Agencia de Noticias de Comunicaci\u00f3n de la Ciencia: <\/h5>\n\n\n\n<p class=\"has-normal-font-size\"> Pablo Esteban<\/p>\n\n\n\n<div style=\"height:15px\" aria-hidden=\"true\" class=\"wp-block-spacer\"><\/div>\n\n\n\n<p><\/p>\n\n\n\n<hr class=\"wp-block-separator has-text-color has-css-opacity has-background\" style=\"background-color:#fea50e;color:#fea50e\"\/>\n\n\n\n<p><\/p>\n\n\n\n<figure class=\"wp-block-image size-full is-resized\"><img loading=\"lazy\" decoding=\"async\" width=\"470\" height=\"125\" src=\"https:\/\/agencia.unq.edu.ar\/wp-content\/uploads\/2022\/03\/logo-agencia-noticias.png\" alt=\"Isologotipo de la agencia de noticias cient\u00edficas\" class=\"wp-image-2158\" style=\"width:235px\"\/><\/figure>\n\n\n\n<p><\/p>\n\n\n\n<p class=\"has-small-font-size\"><a href=\"https:\/\/agencia.unq.edu.ar\/?page_id=100\">El proyecto<\/a><\/p>\n\n\n\n<p class=\"has-small-font-size\"><a href=\"https:\/\/agencia.unq.edu.ar\/?page_id=108\">Equipo editorial<\/a><\/p>\n\n\n\n<p class=\"has-small-font-size\"><a href=\"https:\/\/agencia.unq.edu.ar\/?page_id=3158\">Divulgar(nos)<\/a><\/p>\n\n\n\n<p class=\"has-small-font-size\"><a href=\"https:\/\/agencia.unq.edu.ar\/?page_id=6399\">Nuestras notas en otros medios<\/a><\/p>\n\n\n\n<p class=\"has-small-font-size\"><a href=\"https:\/\/docs.google.com\/presentation\/d\/e\/2PACX-1vQ0t97rsc11FItlUh1E8ePXI71x0212KY6_usZ1bkP7M5phOIg2BSO4IfoPBW8tmmS4iBIGnqkCZTdn\/pub?start=true&amp;loop=false&amp;delayms=5000&amp;slide=id.p\" target=\"_blank\" rel=\"noreferrer noopener\">Difusi\u00f3n<\/a><\/p>\n\n\n\n<p class=\"has-small-font-size\"><a href=\"https:\/\/agencia.unq.edu.ar\/?page_id=87\">Contacto<\/a><\/p>\n","protected":false},"excerpt":{"rendered":"<p>Rectora: Alejandra Zinni Vicerrector: Daniel Fihman Secretario General: N\u00e9stor Daniel Gonz\u00e1lez Subsecretaria de Comunicaci\u00f3n: Leticia Spinelli Coordinador del Programa Institucional [&hellip;]<\/p>\n","protected":false},"author":3,"featured_media":0,"parent":0,"menu_order":0,"comment_status":"closed","ping_status":"closed","template":"","meta":{"_uag_custom_page_level_css":"","_monsterinsights_skip_tracking":false,"_monsterinsights_sitenote_active":false,"_monsterinsights_sitenote_note":"","_monsterinsights_sitenote_category":0,"site-sidebar-layout":"default","site-content-layout":"","ast-site-content-layout":"default","site-content-style":"default","site-sidebar-style":"default","ast-global-header-display":"","ast-banner-title-visibility":"","ast-main-header-display":"","ast-hfb-above-header-display":"","ast-hfb-below-header-display":"","ast-hfb-mobile-header-display":"","site-post-title":"","ast-breadcrumbs-content":"","ast-featured-img":"","footer-sml-layout":"","ast-disable-related-posts":"","theme-transparent-header-meta":"","adv-header-id-meta":"","stick-header-meta":"","header-above-stick-meta":"","header-main-stick-meta":"","header-below-stick-meta":"","astra-migrate-meta-layouts":"default","ast-page-background-enabled":"default","ast-page-background-meta":{"desktop":{"background-color":"var(--ast-global-color-4)","background-image":"","background-repeat":"repeat","background-position":"center center","background-size":"auto","background-attachment":"scroll","background-type":"","background-media":"","overlay-type":"","overlay-color":"","overlay-opacity":"","overlay-gradient":""},"tablet":{"background-color":"","background-image":"","background-repeat":"repeat","background-position":"center center","background-size":"auto","background-attachment":"scroll","background-type":"","background-media":"","overlay-type":"","overlay-color":"","overlay-opacity":"","overlay-gradient":""},"mobile":{"background-color":"","background-image":"","background-repeat":"repeat","background-position":"center center","background-size":"auto","background-attachment":"scroll","background-type":"","background-media":"","overlay-type":"","overlay-color":"","overlay-opacity":"","overlay-gradient":""}},"ast-content-background-meta":{"desktop":{"background-color":"var(--ast-global-color-5)","background-image":"","background-repeat":"repeat","background-position":"center center","background-size":"auto","background-attachment":"scroll","background-type":"","background-media":"","overlay-type":"","overlay-color":"","overlay-opacity":"","overlay-gradient":""},"tablet":{"background-color":"var(--ast-global-color-5)","background-image":"","background-repeat":"repeat","background-position":"center center","background-size":"auto","background-attachment":"scroll","background-type":"","background-media":"","overlay-type":"","overlay-color":"","overlay-opacity":"","overlay-gradient":""},"mobile":{"background-color":"var(--ast-global-color-5)","background-image":"","background-repeat":"repeat","background-position":"center center","background-size":"auto","background-attachment":"scroll","background-type":"","background-media":"","overlay-type":"","overlay-color":"","overlay-opacity":"","overlay-gradient":""}},"footnotes":""},"class_list":["post-106","page","type-page","status-publish","hentry"],"aioseo_notices":[],"uagb_featured_image_src":{"full":false,"thumbnail":false,"medium":false,"medium_large":false,"large":false,"1536x1536":false,"2048x2048":false},"uagb_author_info":{"display_name":"Marcelo Luis Aceituno","author_link":"https:\/\/agencia.unq.edu.ar\/?author=3"},"uagb_comment_info":0,"uagb_excerpt":"Rectora: Alejandra Zinni Vicerrector: Daniel Fihman Secretario General: N\u00e9stor Daniel Gonz\u00e1lez Subsecretaria de Comunicaci\u00f3n: Leticia Spinelli Coordinador del Programa Institucional [&hellip;]","blog_post_layout_featured_media_urls":{"thumbnail":"","full":""},"categories_names":null,"comments_number":"0","_links":{"self":[{"href":"https:\/\/agencia.unq.edu.ar\/index.php?rest_route=\/wp\/v2\/pages\/106","targetHints":{"allow":["GET"]}}],"collection":[{"href":"https:\/\/agencia.unq.edu.ar\/index.php?rest_route=\/wp\/v2\/pages"}],"about":[{"href":"https:\/\/agencia.unq.edu.ar\/index.php?rest_route=\/wp\/v2\/types\/page"}],"author":[{"embeddable":true,"href":"https:\/\/agencia.unq.edu.ar\/index.php?rest_route=\/wp\/v2\/users\/3"}],"replies":[{"embeddable":true,"href":"https:\/\/agencia.unq.edu.ar\/index.php?rest_route=%2Fwp%2Fv2%2Fcomments&post=106"}],"version-history":[{"count":18,"href":"https:\/\/agencia.unq.edu.ar\/index.php?rest_route=\/wp\/v2\/pages\/106\/revisions"}],"predecessor-version":[{"id":33301,"href":"https:\/\/agencia.unq.edu.ar\/index.php?rest_route=\/wp\/v2\/pages\/106\/revisions\/33301"}],"wp:attachment":[{"href":"https:\/\/agencia.unq.edu.ar\/index.php?rest_route=%2Fwp%2Fv2%2Fmedia&parent=106"}],"curies":[{"name":"wp","href":"https:\/\/api.w.org\/{rel}","templated":true}]}}